{"id":337,"date":"2011-11-12T14:26:37","date_gmt":"2011-11-12T13:26:37","guid":{"rendered":"http:\/\/www.roterlotus.org\/?page_id=337"},"modified":"2020-06-15T15:07:45","modified_gmt":"2020-06-15T13:07:45","slug":"board-of-directors","status":"publish","type":"page","link":"https:\/\/www.roterlotus.org\/en\/about-us\/board-of-directors\/","title":{"rendered":"Board of Directors"},"content":{"rendered":"<blockquote><p><strong>Founding members (from left to right)<br \/>\n<\/strong><\/p>\n<ul>\n<li>Joachim K\u00fcppers,<\/li>\n<li>Dr. med. Claus Blumenroth,<\/li>\n<li>Werner Bartl,<\/li>\n<li>Dr. med. Hedda Blumenroth,<\/li>\n<li>Brunhilde Bartl,<\/li>\n<li>J\u00fcrgen Gotthardt,<\/li>\n<li>Martin Hosenfeld<\/li>\n<\/ul>\n<\/blockquote>\n<p><img loading=\"lazy\" decoding=\"async\" class=\"aligncenter\" title=\"Roter Lotus 012\" src=\"http:\/\/www.roterlotus.org\/wp-content\/uploads\/2020\/06\/Roter-Lotus-012.jpg\" alt=\"\" width=\"491\" height=\"364\" \/><\/p>\n<blockquote><p><strong>First Chairman<\/strong><br \/>\nDr. med. Hedda Blumenroth<\/p>\n<p><strong>Deputy Chairman<\/strong><br \/>\nDr. med. Claus Blumenroth<\/p>\n<p><strong>Treasurer<\/strong><br \/>\nMartin Hosenfeld<\/p>\n<p><strong>Corporate Communications &amp; PR<\/strong><strong><\/strong><br \/>\nChristian Schauff<br \/>\nLars Wojak<\/p><\/blockquote>\n<div class='et-learn-more clearfix'>\n\t\t\t\t\t<h3 class='heading-more'>articles of association<span class='et_learnmore_arrow'><span><\/span><\/span><\/h3>\n\t\t\t\t\t<div class='learn-more-content'><p>Auf dieser Seite finden Sie die aktuelle Version der Vereinssatzung von Roter Lotus e. V. Sollten Sie Fragen haben, wenden Sie sich bitte an den Ansprechpartner und stellvertretenden Vereinsvorsitzenden\u00a0<a href=\"index.php?id=spenden\" target=\"_self\" rel=\"noopener noreferrer\">Dr. Claus Blumenroth &gt;&gt;<\/a><\/p>\n<p>&nbsp;<\/p>\n<p><strong>\u00a7 1 Name, Sitz<\/strong><\/p>\n<p>(1) Der Verein f\u00fchrt den Namen \u201eRoter Lotus e.V.\u201c<\/p>\n<p>(2) Er hat seinen Sitz und seine Verwaltung in M\u00fclheim an der Ruhr.<\/p>\n<p><strong>\u00a0\u00a0\u00a0\u00a0\u00a0 \u201eRoter Lotus e.V.\u201c \u00a0Prinzenh\u00f6he 40\u00a0 45478 M\u00fclheim an der Ruhr<\/strong><\/p>\n<p>&nbsp;<\/p>\n<p><strong>\u00a7 2 Rechtsform, Gesch\u00e4ftsjahr<\/strong><\/p>\n<p>(1) Der Verein ist im Vereinsregister des Amtsgerichtes Duisburg unter der Register-Nr.\u00a0<strong>VR 51613<\/strong>\u00a0eingetragen.<\/p>\n<p>(2) Das Gesch\u00e4ftsjahr des Vereins ist mit dem Kalenderjahr identisch.<\/p>\n<p>&nbsp;<\/p>\n<p><strong>\u00a7 3 Vereinszweck<\/strong><\/p>\n<p>(1)<em>\u00a0<\/em>Der Verein verfolgt ausschlie\u00dflich und unmittelbar gemeinn\u00fctzige Zwecke im Sinne des Abschnitts \u201eSteuerbeg\u00fcnstigte Zwecke\u201c der Abgabenordnung. Der Zweck des Vereins ist die F\u00f6rderung des \u00f6ffentlichen Gesundheitswesens in Indien. Dort soll die \u00f6ffentliche Gesundheitspflege durch die Errichtung oder Unterst\u00fctzung eines Krankenhauses gef\u00f6rdert werden, was auch die Bek\u00e4mpfung von Seuchen und seuchen\u00e4hnlichen Krankheiten beinhaltet.<\/p>\n<p>(2) Der Satzungszweck wird verwirklicht insbesondere durch die finanzielle Unterst\u00fctzung der Anschaffung des Baugrundst\u00fccks und der Errichtung des Krankenhauses. Nach Errichtung des Krankenhauses sollen die Gelder zur Unterhaltung des Krankenhauses dienen.<\/p>\n<p>Ebenso wird \u00a0der \u00a0Satzungszweck \u00a0durch \u00a0die \u00a0Unterst\u00fctzung \u00a0anderer \u00a0gemeinn\u00fctziger \u00a0Vereine und Organisationen erf\u00fcllt, deren Ziel die \u00f6ffentliche Gesundheitspflege in Indien ist.<\/p>\n<p>Der\u00a0 Verein kann sich zur\u00a0 Erf\u00fcllung seiner\u00a0 Aufgaben einer\u00a0 Hilfsperson im Sinne des \u00a7 57 Abs. 1 Satz 2 AO bedienen, soweit er seine Aufgaben nicht selbst wahrnimmt.<\/p>\n<p>Weiterhin ist auch die \u00a0Beschaffung und die Weiterleitung\u00a0 finanzieller \u00a0Mittel im Sinne des \u00a7 58 Nr. 1 AO zur \u00a0\u00a0F\u00f6rderung der in \u00a7 3 Abs. 1 S\u00e4tze 1 und 3 dieser\u00a0 Satzung genannten\u00a0 Ziele durch eine\u00a0 andere\u00a0 steuerbeg\u00fcnstigte K\u00f6rperschaft \u00a0oder durch eine\u00a0 K\u00f6rperschaft des \u00f6ffentlichen\u00a0\u00a0\u00a0\u00a0\u00a0\u00a0\u00a0\u00a0\u00a0\u00a0\u00a0\u00a0\u00a0\u00a0\u00a0\u00a0\u00a0\u00a0\u00a0\u00a0\u00a0\u00a0\u00a0 Rechts\u00a0\u00a0 Zweck\u00a0 des\u00a0\u00a0 Vereins.\u00a0\u00a0 Dabei\u00a0\u00a0 ist\u00a0\u00a0 ein\u00a0\u00a0 entsprechender\u00a0\u00a0 Verwendungsnachweis \u00a0\u00a0der weitergegebenen Mittel erforderlich.<\/p>\n<p>(3) Der Verein ist selbstlos t\u00e4tig; er verfolgt nicht in erster Linie eigenwirtschaftliche Zwecke. Die Mittel des Vereins d\u00fcrfen nur f\u00fcr die satzungsm\u00e4\u00dfigen Zwecke verwendet werden. Die Mitglieder erhalten keine Zuwendungen aus Mitteln des Vereins. Es darf keine Person durch Ausgaben, die dem Zweck der K\u00f6rperschaft fremd sind, oder durch unverh\u00e4ltnism\u00e4\u00dfig hohe Verg\u00fctungen beg\u00fcnstigt werden.<\/p>\n<p>(4) Die Organe des Vereins arbeiten ehrenamtlich. Notwendige Auslagen k\u00f6nnen erstattet werden.<\/p>\n<p>&nbsp;<\/p>\n<p><strong>\u00a0<\/strong><strong>\u00a7 4 Mitgliedschaft<\/strong><\/p>\n<p>(1) Mitglied des Vereins kann jede nat\u00fcrliche oder juristische Person werden. Bei Minderj\u00e4hrigen ist die Zustimmung des gesetzlichen Vertreters notwendig.<\/p>\n<p>(2) \u00dcber die Aufnahme entscheidet nach Vorliegen eines schriftlichen Antrags der Vorstand. Gegen die ablehnende Entscheidung kann innerhalb eines Monats Beschwerde zur n\u00e4chsten ordentlichen Mitgliederversammlung eingelegt werden.<\/p>\n<p>(3) Die Verleihung einer Ehrenmitgliedschaft ist nur nach Beschluss der Mitgliederversammlung m\u00f6glich.<\/p>\n<p>&nbsp;<\/p>\n<p><strong>\u00a7 5 Beendigung der Mitgliedschaft<\/strong><\/p>\n<p>(1) Die Mitgliedschaft endet mit dem Tod bzw. Aufl\u00f6sung der juristischen Person.<\/p>\n<p>(2) Die Mitglieder des Vereins sind zum Austritt berechtigt.<\/p>\n<p>(3) Der Austritt eines Mitgliedes ist nur zum Monatsende m\u00f6glich. Er erfolgt durch schriftliche Erkl\u00e4rung gegen\u00fcber dem Vorsitzenden unter Einhaltung einer Frist von 14 Tagen<em>.<\/em><\/p>\n<p>&nbsp;<\/p>\n<p><strong>\u00a7 6 Ausschluss<\/strong><\/p>\n<p>(1) Der Vereinsausschluss erfolgt durch Beschluss des Vorstands. Ein Vereinsmitglied kann durch den Vorstand mit sofortiger Wirkung ausgeschlossen werden, wenn es gegen die Ziele und Interessen des Vereins versto\u00dfen hat.<\/p>\n<p>(2) Dem Mitglied muss vor der Beschlussfassung \u00fcber den Ausschluss Gelegenheit zur Stellungnahme gegeben werden. Die Ausschlussentscheidung muss begr\u00fcndet werden, es sei denn, dass die Gr\u00fcnde f\u00fcr den Ausschluss dem Betroffenen bekannt und die Ausschlie\u00dfungstatsachen au\u00dfer Streit sind. Wirksam wird die Ausschlussentscheidung mit der Bekanntgabe an den Betroffenen. Gegen den Ausschlie\u00dfungsbeschluss kann innerhalb einer Frist von vier Wochen nach Mitteilung des Ausschlusses Beschwerde eingelegt werden, \u00fcber die die n\u00e4chste Mitgliederversammlung entscheidet.<\/p>\n<p>&nbsp;<\/p>\n<p><strong>\u00a7 7 Organe des Vereins<\/strong><\/p>\n<p>Organe des Vereins sind:<\/p>\n<ul>\n<li>die Mitgliederversammlung<\/li>\n<li>der Vorstand<\/li>\n<\/ul>\n<p>Die Mitgliederversammlung kann die Bildung weiterer Vereinsorgane beschlie\u00dfen.<\/p>\n<p>&nbsp;<\/p>\n<p><strong>\u00a7 8 Mitgliederversammlung<\/strong><\/p>\n<p>(1) Der Mitgliederversammlung geh\u00f6ren alle Vereinsmitglieder mit je einer Stimme an.<\/p>\n<p>(2) Die Einberufung der Mitgliederversammlung geschieht durch den Vorstand. Die Mitgliederversammlung ist mindestens einmal im zweiten Quartal jedes Kalenderjahres einzuberufen. Die Einberufung erfolgt auch, wenn ein dringendes Vereinsinteresse dies erfordert oder mindestens 10 % der Mitglieder einen entsprechenden Antrag an den Vorstand stellen. Das Minderheitsverlangen nach \u00a7 37 Abs. 1 BGB wird nur ber\u00fccksichtigt, wenn die schriftliche Forderung Zweck und Gr\u00fcnde f\u00fcr die Versammlung auff\u00fchrt.<\/p>\n<p>(3) Die Einberufung geschieht durch Ver\u00f6ffentlichung in Form einer schriftlichen Einladung. Die Themen der Tagesordnung sind darzustellen. Es ist eine Einberufungsfrist von 14 Tagen einzuhalten. Die Frist beginnt mit dem Tag der Ver\u00f6ffentlichung.<\/p>\n<p>&nbsp;<\/p>\n<p><strong>\u00a7 9 Beschlussfassung der Mitgliederversammlung<\/strong><\/p>\n<p>(1) Die Mitgliederversammlung ist bei ordnungsgem\u00e4\u00dfer Einladung ohne R\u00fccksicht auf die Anzahl der erschienenen Mitglieder beschlussf\u00e4hig. Sie w\u00e4hlt aus ihrer Mitte einen Versammlungsleiter.<\/p>\n<p>(2) Beschl\u00fcsse werden, sofern die Versammlung nicht etwas anderes bestimmt, offen durch Handaufheben mit Stimmenmehrheit getroffen. Bei Stimmengleichheit entscheidet der Vorsitzende.<\/p>\n<p>(3) Bei Beschl\u00fcssen \u00fcber Satzungs- und Zweck\u00e4nderungen und bei Beschl\u00fcssen \u00fcber die Aufl\u00f6sung des Vereins sind abweichend von Absatz 2 3\/4 der in der Mitgliederversammlung abgegebenen Stimmen erforderlich.<\/p>\n<p>&nbsp;<\/p>\n<p><strong>\u00a7 10 Aufgaben der Mitgliederversammlung<\/strong><\/p>\n<p>(1) Die Mitgliederversammlung als das oberste beschlussfassende Vereinsorgan ist grunds\u00e4tzlich f\u00fcr alle Aufgaben zust\u00e4ndig, sofern bestimmte Aufgaben gem\u00e4\u00df dieser Satzung nicht einem anderen Vereinsorgan \u00fcbertragen worden sind.<\/p>\n<p>(2) Die Mitgliederversammlung w\u00e4hlt aus der Reihe der Mitglieder den Vorstand. Gew\u00e4hlt sind die Personen, die die meisten Stimmen auf sich vereinigen. Die Wahl findet geheim mit Stimmzetteln statt. Ebenso w\u00e4hlt die Mitgliederversammlung einen Schriftf\u00fchrer, der nicht zum Vorstand geh\u00f6rt.<\/p>\n<p>(3)\u00a0\u00a0 Die Mitgliederversammlung kann Mitglieder des Vorstands abw\u00e4hlen.<\/p>\n<p>(4) Die Mitgliederversammlung entscheidet \u00fcber Antr\u00e4ge von Mitgliedern, die durch Vorstandsbeschluss ausgeschlossen werden sollen.<\/p>\n<p>(5) Die Mitgliederversammlung nimmt den j\u00e4hrlich vorzulegenden Gesch\u00e4ftsbericht des Vorstandes und den Pr\u00fcfungsbericht der Rechnungspr\u00fcfer entgegen und erteilt dem Vorstand Entlastung.<\/p>\n<p>(6) Die Mitgliederversammlung entscheidet \u00fcber den vom Vorstand j\u00e4hrlich vorzulegenden Haushaltsplan des Vereins.<\/p>\n<p>(7) Die Mitgliederversammlung hat Satzungs\u00e4nderungen und die Vereinsaufl\u00f6sung zu beschlie\u00dfen.<\/p>\n<p>(8) Der Mitgliederversammlung sind die Jahresrechnung und der Jahresbericht zur Beschlussfassung \u00fcber die Genehmigung und die Entlastung des Vorstands schriftlich vorzulegen. Die Mitgliederversammlung bestellt zwei Rechnungspr\u00fcfer, die weder dem Vorstand noch einem vom Vorstand berufenen Gremium angeh\u00f6ren und auch nicht Angestellte des Vereins sein d\u00fcrfen, um die Buchf\u00fchrung einschlie\u00dflich Jahresabschluss zu pr\u00fcfen und \u00fcber das Ergebnis vor der Mitgliederversammlung zu berichten. Die Rechnungspr\u00fcfer haben Zugang zu allen Buchungs- und Rechnungsunterlagen des Vereins.<\/p>\n<p>(9) Die Mitgliederversammlung entscheidet auch \u00fcber<\/p>\n<p>a) ob und in welcher H\u00f6he Beitr\u00e4ge erhoben werden<\/p>\n<p>b) Befreiungen von der Beitragspflicht<\/p>\n<p>c) Genehmigung aller Gesch\u00e4ftsordnungen f\u00fcr den Vereinsbereich<\/p>\n<p>(10) Die Mitgliederversammlung kann \u00fcber weitere Angelegenheiten beschlie\u00dfen, die ihr vom Vorstand oder aus der Mitgliederschaft vorgelegt werden.<\/p>\n<p>&nbsp;<\/p>\n<p><strong>\u00a7 11 Vorstand<\/strong><\/p>\n<p>(1) Der Vorstand besteht aus dem 1. Vorsitzenden, dem stellvertretenden Vorsitzenden und dem Schatzmeister.<\/p>\n<p>(2) Die Mitglieder des Vorstandes werden durch die Mitgliederversammlung auf 2 Jahre gew\u00e4hlt. Scheiden Vorstandsmitglieder vorzeitig aus, so ist eine au\u00dferordentliche Mitgliederversammlung unverz\u00fcglich zu einer Ersatzwahl einzuberufen, wenn weniger als 2 Vorstandsmitglieder verbleiben.<\/p>\n<p>(3) Au\u00dfer durch Tod oder Ablauf einer Wahlperiode erlischt das Amt eines Vorstandsmitgliedes mit dem Austritt oder Ausschluss aus dem Verein, durch Amtsenthebung oder R\u00fccktritt.<\/p>\n<p>(4) Die Mitgliederversammlung kann jederzeit durch Wahl eines neuen Vorstandes den gesamten Vorstand oder ein einzelnes Vorstandsmitglied des Amtes entheben.<\/p>\n<p>(5) Die Vorstandsmitglieder k\u00f6nnen jederzeit schriftlich ihren R\u00fccktritt erkl\u00e4ren. Die R\u00fccktrittserkl\u00e4rung ist an ein verbleibendes Vorstandsmitglied, im Falle des R\u00fccktritts des gesamten Vorstands, an den Schriftf\u00fchrer zu richten. Die R\u00fccktritterkl\u00e4rung wird jedoch erst 1 Monat nach Eingang wirksam.<\/p>\n<p>&nbsp;<\/p>\n<p><strong>\u00a7 12 Aufgabenbereich des Vorstandes<\/strong><\/p>\n<p>(1) Dem Vorstand obliegt die Gesch\u00e4ftsf\u00fchrung und Vertretung des Vereins.<\/p>\n<p>(2) Er f\u00fchrt die Beschl\u00fcsse der Mitgliederversammlung aus und erledigt die ihm durch diese Satzung \u00fcbertragenen Aufgaben sowie die Gesch\u00e4fte der laufenden Verwaltung in eigener Zust\u00e4ndigkeit.<\/p>\n<p>(3) Der Vorstand vertritt den Verein gerichtlich und au\u00dfergerichtlich in allen Vereinsangelegenheiten im Sinne des \u00a7 26 Abs. 2 BGB.<\/p>\n<p>(4) Der Verein wird durch mindestens zwei Mitglieder des Vorstandes gemeinschaftlich vertreten. Sie haben der ordentlichen Mitgliederversammlung einen ausf\u00fchrlichen Bericht \u00fcber ihre Arbeit vorzulegen.<\/p>\n<p><strong>\u00a0<\/strong><\/p>\n<p><strong>\u00a7 13 Protokolle<\/strong><\/p>\n<p>Die Beschl\u00fcsse des Vorstands und der Mitgliederversammlungen werden schriftlich protokolliert und stehen den Mitgliedern zur Einsicht zur Verf\u00fcgung. Im Protokoll sollen Ort und Zeit der Versammlung sowie das jeweilige Abstimmungsergebnis festgehalten werden. Das Protokoll ist vom Versammlungsleiter und vom Schriftf\u00fchrer zu unterschreiben.<\/p>\n<p>&nbsp;<\/p>\n<p><strong>\u00a7 14 Haftung<\/strong><\/p>\n<p>F\u00fcr Sch\u00e4den gleich welcher Art, die einem Vereinsmitglied durch Anordnungen der Vereinsorgane entstanden sind, haftet der Verein nur, wenn einem Organmitglied oder einer sonstigen Person, f\u00fcr die der Verein nach den Vorschriften des Zivilrechts einzustehen hat, Vorsatz oder grobe Fahrl\u00e4ssigkeit zur Last f\u00e4llt.<\/p>\n<p align=\"center\">\n<p><strong>\u00a7 15 Aufl\u00f6sung und Verwendung des Vereinsverm\u00f6gens<\/strong><\/p>\n<p>(1) Im Falle der Aufl\u00f6sung des Vereins sind die im Amt befindlichen Vorstandsmitglieder die Liquidatoren.<\/p>\n<p>(2) Bei Aufl\u00f6sung des Vereins oder bei Wegfall steuerbeg\u00fcnstigter Zwecke f\u00e4llt das Verm\u00f6gen des Vereins an das Rote Kreuz Kreisverband M\u00fclheim an der Ruhr e.V. &#8211; das es unmittelbar und ausschlie\u00dflich f\u00fcr gemeinn\u00fctzige, mildt\u00e4tige oder kirchliche Zwecke zu verwenden hat.<\/p>\n<p>(3) Der Verm\u00f6gensanfall bezieht sich nur auf das restliche, d.h. nach der Liquidation noch \u00fcbrig gebliebene Vereinsverm\u00f6gen.<\/p>\n<p>&nbsp;<\/p>\n<p><strong>\u00a7 16 In-Kraft-Treten<\/strong><\/p>\n<p>Diese Satzung ist in der Gr\u00fcndungsversammlung am 25. Januar 2006 beschlossenen worden und tritt mit Eintragung in das Vereinsregister in Kraft.<\/p>\n<p>&nbsp;<\/p>\n<p>M\u00fclheim an der Ruhr, den 02. 05. 2011<\/p>\n<p><strong>\n<\/strong><\/p><\/div>\n\t\t\t\t<\/div>\n","protected":false},"excerpt":{"rendered":"<p>Founding members (from left to right) Joachim K\u00fcppers, Dr. med. Claus Blumenroth, Werner Bartl, Dr. med. Hedda Blumenroth, Brunhilde Bartl, J\u00fcrgen Gotthardt, Martin Hosenfeld First Chairman Dr. med. Hedda Blumenroth Deputy Chairman Dr. med. Claus Blumenroth Treasurer Martin Hosenfeld Corporate Communications &amp; PR Christian Schauff Lars Wojak<\/p>\n","protected":false},"author":4,"featured_media":42,"parent":343,"menu_order":3,"comment_status":"closed","ping_status":"closed","template":"page-full.php","meta":{"footnotes":""},"class_list":["post-337","page","type-page","status-publish","has-post-thumbnail","hentry"],"yoast_head":"\n<title>Board of Directors | Roter Lotus<\/title>\n<meta name=\"robots\" content=\"index, follow, max-snippet:-1, max-image-preview:large, max-video-preview:-1\" \/>\n<link rel=\"canonical\" href=\"https:\/\/www.roterlotus.org\/en\/about-us\/board-of-directors\/\" \/>\n<meta property=\"og:locale\" content=\"en_US\" \/>\n<meta property=\"og:type\" content=\"article\" \/>\n<meta property=\"og:title\" content=\"Board of Directors | Roter Lotus\" \/>\n<meta property=\"og:description\" content=\"Founding members (from left to right) Joachim K\u00fcppers, Dr. med. Claus Blumenroth, Werner Bartl, Dr. med. Hedda Blumenroth, Brunhilde Bartl, J\u00fcrgen Gotthardt, Martin Hosenfeld First Chairman Dr. med. Hedda Blumenroth Deputy Chairman Dr. med. Claus Blumenroth Treasurer Martin Hosenfeld Corporate Communications &amp; PR Christian Schauff Lars Wojak\" \/>\n<meta property=\"og:url\" content=\"https:\/\/www.roterlotus.org\/en\/about-us\/board-of-directors\/\" \/>\n<meta property=\"og:site_name\" content=\"Roter Lotus\" \/>\n<meta property=\"article:publisher\" content=\"https:\/\/www.facebook.com\/roterlotus\" \/>\n<meta property=\"article:modified_time\" content=\"2020-06-15T13:07:45+00:00\" \/>\n<meta property=\"og:image\" content=\"https:\/\/www.roterlotus.org\/wp-content\/uploads\/2020\/06\/Roter-Lotus-012.jpg\" \/>\n\t<meta property=\"og:image:width\" content=\"1024\" \/>\n\t<meta property=\"og:image:height\" content=\"759\" \/>\n\t<meta property=\"og:image:type\" content=\"image\/jpeg\" \/>\n<meta name=\"twitter:card\" content=\"summary_large_image\" \/>\n<meta name=\"twitter:label1\" content=\"Est. reading time\" \/>\n\t<meta name=\"twitter:data1\" content=\"8 minutes\" \/>\n<script type=\"application\/ld+json\" class=\"yoast-schema-graph\">{\"@context\":\"https:\/\/schema.org\",\"@graph\":[{\"@type\":\"WebPage\",\"@id\":\"https:\/\/www.roterlotus.org\/en\/about-us\/board-of-directors\/\",\"url\":\"https:\/\/www.roterlotus.org\/en\/about-us\/board-of-directors\/\",\"name\":\"Board of Directors | Roter Lotus\",\"isPartOf\":{\"@id\":\"https:\/\/www.roterlotus.org\/#website\"},\"primaryImageOfPage\":{\"@id\":\"https:\/\/www.roterlotus.org\/en\/about-us\/board-of-directors\/#primaryimage\"},\"image\":{\"@id\":\"https:\/\/www.roterlotus.org\/en\/about-us\/board-of-directors\/#primaryimage\"},\"thumbnailUrl\":\"https:\/\/www.roterlotus.org\/wp-content\/uploads\/2020\/06\/Roter-Lotus-012.jpg\",\"datePublished\":\"2011-11-12T13:26:37+00:00\",\"dateModified\":\"2020-06-15T13:07:45+00:00\",\"breadcrumb\":{\"@id\":\"https:\/\/www.roterlotus.org\/en\/about-us\/board-of-directors\/#breadcrumb\"},\"inLanguage\":\"en-US\",\"potentialAction\":[{\"@type\":\"ReadAction\",\"target\":[\"https:\/\/www.roterlotus.org\/en\/about-us\/board-of-directors\/\"]}]},{\"@type\":\"ImageObject\",\"inLanguage\":\"en-US\",\"@id\":\"https:\/\/www.roterlotus.org\/en\/about-us\/board-of-directors\/#primaryimage\",\"url\":\"https:\/\/www.roterlotus.org\/wp-content\/uploads\/2020\/06\/Roter-Lotus-012.jpg\",\"contentUrl\":\"https:\/\/www.roterlotus.org\/wp-content\/uploads\/2020\/06\/Roter-Lotus-012.jpg\",\"width\":1024,\"height\":759},{\"@type\":\"BreadcrumbList\",\"@id\":\"https:\/\/www.roterlotus.org\/en\/about-us\/board-of-directors\/#breadcrumb\",\"itemListElement\":[{\"@type\":\"ListItem\",\"position\":1,\"name\":\"Startseite\",\"item\":\"https:\/\/www.roterlotus.org\/\"},{\"@type\":\"ListItem\",\"position\":2,\"name\":\"About us\",\"item\":\"https:\/\/www.roterlotus.org\/en\/about-us\/\"},{\"@type\":\"ListItem\",\"position\":3,\"name\":\"Board of Directors\"}]},{\"@type\":\"WebSite\",\"@id\":\"https:\/\/www.roterlotus.org\/#website\",\"url\":\"https:\/\/www.roterlotus.org\/\",\"name\":\"Roter Lotus\",\"description\":\"Medical care for India - Medizinische Hilfe f\u00fcr Indien\",\"publisher\":{\"@id\":\"https:\/\/www.roterlotus.org\/#organization\"},\"potentialAction\":[{\"@type\":\"SearchAction\",\"target\":{\"@type\":\"EntryPoint\",\"urlTemplate\":\"https:\/\/www.roterlotus.org\/?s={search_term_string}\"},\"query-input\":{\"@type\":\"PropertyValueSpecification\",\"valueRequired\":true,\"valueName\":\"search_term_string\"}}],\"inLanguage\":\"en-US\"},{\"@type\":\"Organization\",\"@id\":\"https:\/\/www.roterlotus.org\/#organization\",\"name\":\"Roter Lotus e.V.\",\"url\":\"https:\/\/www.roterlotus.org\/\",\"logo\":{\"@type\":\"ImageObject\",\"inLanguage\":\"en-US\",\"@id\":\"https:\/\/www.roterlotus.org\/#\/schema\/logo\/image\/\",\"url\":\"https:\/\/www.roterlotus.org\/wp-content\/uploads\/2020\/06\/logo.png\",\"contentUrl\":\"https:\/\/www.roterlotus.org\/wp-content\/uploads\/2020\/06\/logo.png\",\"width\":375,\"height\":110,\"caption\":\"Roter Lotus e.V.\"},\"image\":{\"@id\":\"https:\/\/www.roterlotus.org\/#\/schema\/logo\/image\/\"},\"sameAs\":[\"https:\/\/www.facebook.com\/roterlotus\"]}]}<\/script>\n","yoast_head_json":{"title":"Board of Directors | Roter Lotus","robots":{"index":"index","follow":"follow","max-snippet":"max-snippet:-1","max-image-preview":"max-image-preview:large","max-video-preview":"max-video-preview:-1"},"canonical":"https:\/\/www.roterlotus.org\/en\/about-us\/board-of-directors\/","og_locale":"en_US","og_type":"article","og_title":"Board of Directors | Roter Lotus","og_description":"Founding members (from left to right) Joachim K\u00fcppers, Dr. med. Claus Blumenroth, Werner Bartl, Dr. med. Hedda Blumenroth, Brunhilde Bartl, J\u00fcrgen Gotthardt, Martin Hosenfeld First Chairman Dr. med. Hedda Blumenroth Deputy Chairman Dr. med. Claus Blumenroth Treasurer Martin Hosenfeld Corporate Communications &amp; PR Christian Schauff Lars Wojak","og_url":"https:\/\/www.roterlotus.org\/en\/about-us\/board-of-directors\/","og_site_name":"Roter Lotus","article_publisher":"https:\/\/www.facebook.com\/roterlotus","article_modified_time":"2020-06-15T13:07:45+00:00","og_image":[{"width":1024,"height":759,"url":"https:\/\/www.roterlotus.org\/wp-content\/uploads\/2020\/06\/Roter-Lotus-012.jpg","type":"image\/jpeg"}],"twitter_card":"summary_large_image","twitter_misc":{"Est. reading time":"8 minutes"},"schema":{"@context":"https:\/\/schema.org","@graph":[{"@type":"WebPage","@id":"https:\/\/www.roterlotus.org\/en\/about-us\/board-of-directors\/","url":"https:\/\/www.roterlotus.org\/en\/about-us\/board-of-directors\/","name":"Board of Directors | Roter Lotus","isPartOf":{"@id":"https:\/\/www.roterlotus.org\/#website"},"primaryImageOfPage":{"@id":"https:\/\/www.roterlotus.org\/en\/about-us\/board-of-directors\/#primaryimage"},"image":{"@id":"https:\/\/www.roterlotus.org\/en\/about-us\/board-of-directors\/#primaryimage"},"thumbnailUrl":"https:\/\/www.roterlotus.org\/wp-content\/uploads\/2020\/06\/Roter-Lotus-012.jpg","datePublished":"2011-11-12T13:26:37+00:00","dateModified":"2020-06-15T13:07:45+00:00","breadcrumb":{"@id":"https:\/\/www.roterlotus.org\/en\/about-us\/board-of-directors\/#breadcrumb"},"inLanguage":"en-US","potentialAction":[{"@type":"ReadAction","target":["https:\/\/www.roterlotus.org\/en\/about-us\/board-of-directors\/"]}]},{"@type":"ImageObject","inLanguage":"en-US","@id":"https:\/\/www.roterlotus.org\/en\/about-us\/board-of-directors\/#primaryimage","url":"https:\/\/www.roterlotus.org\/wp-content\/uploads\/2020\/06\/Roter-Lotus-012.jpg","contentUrl":"https:\/\/www.roterlotus.org\/wp-content\/uploads\/2020\/06\/Roter-Lotus-012.jpg","width":1024,"height":759},{"@type":"BreadcrumbList","@id":"https:\/\/www.roterlotus.org\/en\/about-us\/board-of-directors\/#breadcrumb","itemListElement":[{"@type":"ListItem","position":1,"name":"Startseite","item":"https:\/\/www.roterlotus.org\/"},{"@type":"ListItem","position":2,"name":"About us","item":"https:\/\/www.roterlotus.org\/en\/about-us\/"},{"@type":"ListItem","position":3,"name":"Board of Directors"}]},{"@type":"WebSite","@id":"https:\/\/www.roterlotus.org\/#website","url":"https:\/\/www.roterlotus.org\/","name":"Roter Lotus","description":"Medical care for India - Medizinische Hilfe f\u00fcr Indien","publisher":{"@id":"https:\/\/www.roterlotus.org\/#organization"},"potentialAction":[{"@type":"SearchAction","target":{"@type":"EntryPoint","urlTemplate":"https:\/\/www.roterlotus.org\/?s={search_term_string}"},"query-input":{"@type":"PropertyValueSpecification","valueRequired":true,"valueName":"search_term_string"}}],"inLanguage":"en-US"},{"@type":"Organization","@id":"https:\/\/www.roterlotus.org\/#organization","name":"Roter Lotus e.V.","url":"https:\/\/www.roterlotus.org\/","logo":{"@type":"ImageObject","inLanguage":"en-US","@id":"https:\/\/www.roterlotus.org\/#\/schema\/logo\/image\/","url":"https:\/\/www.roterlotus.org\/wp-content\/uploads\/2020\/06\/logo.png","contentUrl":"https:\/\/www.roterlotus.org\/wp-content\/uploads\/2020\/06\/logo.png","width":375,"height":110,"caption":"Roter Lotus e.V."},"image":{"@id":"https:\/\/www.roterlotus.org\/#\/schema\/logo\/image\/"},"sameAs":["https:\/\/www.facebook.com\/roterlotus"]}]}},"_links":{"self":[{"href":"https:\/\/www.roterlotus.org\/en\/wp-json\/wp\/v2\/pages\/337","targetHints":{"allow":["GET"]}}],"collection":[{"href":"https:\/\/www.roterlotus.org\/en\/wp-json\/wp\/v2\/pages"}],"about":[{"href":"https:\/\/www.roterlotus.org\/en\/wp-json\/wp\/v2\/types\/page"}],"author":[{"embeddable":true,"href":"https:\/\/www.roterlotus.org\/en\/wp-json\/wp\/v2\/users\/4"}],"replies":[{"embeddable":true,"href":"https:\/\/www.roterlotus.org\/en\/wp-json\/wp\/v2\/comments?post=337"}],"version-history":[{"count":9,"href":"https:\/\/www.roterlotus.org\/en\/wp-json\/wp\/v2\/pages\/337\/revisions"}],"predecessor-version":[{"id":743,"href":"https:\/\/www.roterlotus.org\/en\/wp-json\/wp\/v2\/pages\/337\/revisions\/743"}],"up":[{"embeddable":true,"href":"https:\/\/www.roterlotus.org\/en\/wp-json\/wp\/v2\/pages\/343"}],"wp:featuredmedia":[{"embeddable":true,"href":"https:\/\/www.roterlotus.org\/en\/wp-json\/wp\/v2\/media\/42"}],"wp:attachment":[{"href":"https:\/\/www.roterlotus.org\/en\/wp-json\/wp\/v2\/media?parent=337"}],"curies":[{"name":"wp","href":"https:\/\/api.w.org\/{rel}","templated":true}]}}